{"id":505,"date":"2022-10-03T19:45:29","date_gmt":"2022-10-03T18:45:29","guid":{"rendered":"https:\/\/mysapottery.com\/product\/vaso-cristalino-amarelo-e-azul\/"},"modified":"2023-04-18T20:59:43","modified_gmt":"2023-04-18T19:59:43","slug":"vaso-amarelo-azul-cristalino","status":"publish","type":"product","link":"https:\/\/mysapottery.com\/pt-pt\/produto\/vaso-amarelo-azul-cristalino\/","title":{"rendered":"Jarra cristalina amarela e azul"},"content":{"rendered":"<p>Cada pe\u00e7a \u00e9 irreplic\u00e1vel, tornando-a exclusiva.<\/p>\n<p class=\"p1\"><b>Detalhes do Produto:<\/b><\/p>\n<ul class=\"ul1\">\n<li class=\"li1\">Dimens\u00f5es:\u00a013 \u00f8 x 21 A cm<\/li>\n<li class=\"li1\">Cor: Amarelo e Azul<\/li>\n<\/ul>\n","protected":false},"excerpt":{"rendered":"<p>Cada pe\u00e7a \u00e9 irreplic\u00e1vel, tornando-a exclusiva. Detalhes do Produto: Dimens\u00f5es:\u00a013 \u00f8 x 21 A cm Cor: Amarelo e Azul<\/p>\n","protected":false},"featured_media":500,"template":"","meta":[],"product_cat":[50,49],"product_tag":[],"class_list":["post-505","product","type-product","status-publish","has-post-thumbnail","hentry","product_cat-jarras","product_cat-cristalinos"],"_links":{"self":[{"href":"https:\/\/mysapottery.com\/pt-pt\/wp-json\/wp\/v2\/product\/505","targetHints":{"allow":["GET"]}}],"collection":[{"href":"https:\/\/mysapottery.com\/pt-pt\/wp-json\/wp\/v2\/product"}],"about":[{"href":"https:\/\/mysapottery.com\/pt-pt\/wp-json\/wp\/v2\/types\/product"}],"wp:featuredmedia":[{"embeddable":true,"href":"https:\/\/mysapottery.com\/pt-pt\/wp-json\/wp\/v2\/media\/500"}],"wp:attachment":[{"href":"https:\/\/mysapottery.com\/pt-pt\/wp-json\/wp\/v2\/media?parent=505"}],"wp:term":[{"taxonomy":"product_cat","embeddable":true,"href":"https:\/\/mysapottery.com\/pt-pt\/wp-json\/wp\/v2\/product_cat?post=505"},{"taxonomy":"product_tag","embeddable":true,"href":"https:\/\/mysapottery.com\/pt-pt\/wp-json\/wp\/v2\/product_tag?post=505"}],"curies":[{"name":"wp","href":"https:\/\/api.w.org\/{rel}","templated":true}]}}