{"id":511,"date":"2022-10-03T19:56:09","date_gmt":"2022-10-03T18:56:09","guid":{"rendered":"https:\/\/mysapottery.com\/product\/vaso-cristalino-de-kiwi\/"},"modified":"2023-04-18T17:23:50","modified_gmt":"2023-04-18T16:23:50","slug":"kiwi-crystalline-vase-2","status":"publish","type":"product","link":"https:\/\/mysapottery.com\/pt-pt\/produto\/kiwi-crystalline-vase-2\/","title":{"rendered":"Jarra cristalina kiwi"},"content":{"rendered":"<p>Cada pe\u00e7a \u00e9 irreplic\u00e1vel, tornando-a exclusiva.<\/p>\n<p class=\"p1\"><b>Detalhes do Produto:<\/b><\/p>\n<ul class=\"ul1\">\n<li class=\"li1\">Dimens\u00f5es:\u00a017 \u00f8 x 17 A cm<\/li>\n<li class=\"li1\">Cor: Verde<\/li>\n<\/ul>\n","protected":false},"excerpt":{"rendered":"<p>Cada pe\u00e7a \u00e9 irreplic\u00e1vel, tornando-a exclusiva. Detalhes do Produto: Dimens\u00f5es:\u00a017 \u00f8 x 17 A cm Cor: Verde<\/p>\n","protected":false},"featured_media":508,"template":"","meta":[],"product_cat":[50,49],"product_tag":[],"class_list":["post-511","product","type-product","status-publish","has-post-thumbnail","hentry","product_cat-jarras","product_cat-cristalinos"],"_links":{"self":[{"href":"https:\/\/mysapottery.com\/pt-pt\/wp-json\/wp\/v2\/product\/511","targetHints":{"allow":["GET"]}}],"collection":[{"href":"https:\/\/mysapottery.com\/pt-pt\/wp-json\/wp\/v2\/product"}],"about":[{"href":"https:\/\/mysapottery.com\/pt-pt\/wp-json\/wp\/v2\/types\/product"}],"wp:featuredmedia":[{"embeddable":true,"href":"https:\/\/mysapottery.com\/pt-pt\/wp-json\/wp\/v2\/media\/508"}],"wp:attachment":[{"href":"https:\/\/mysapottery.com\/pt-pt\/wp-json\/wp\/v2\/media?parent=511"}],"wp:term":[{"taxonomy":"product_cat","embeddable":true,"href":"https:\/\/mysapottery.com\/pt-pt\/wp-json\/wp\/v2\/product_cat?post=511"},{"taxonomy":"product_tag","embeddable":true,"href":"https:\/\/mysapottery.com\/pt-pt\/wp-json\/wp\/v2\/product_tag?post=511"}],"curies":[{"name":"wp","href":"https:\/\/api.w.org\/{rel}","templated":true}]}}