{"id":517,"date":"2022-10-03T20:08:48","date_gmt":"2022-10-03T19:08:48","guid":{"rendered":"https:\/\/mysapottery.com\/product\/vaso-cristalino-azul-marinho\/"},"modified":"2023-10-29T16:20:52","modified_gmt":"2023-10-29T16:20:52","slug":"navy-blue-crystalline-vase-2","status":"publish","type":"product","link":"https:\/\/mysapottery.com\/pt-pt\/produto\/navy-blue-crystalline-vase-2\/","title":{"rendered":"Jarra cristalina azul-marinho"},"content":{"rendered":"<p>Cada pe\u00e7a \u00e9 irreplic\u00e1vel, tornando-a exclusiva.<\/p>\n<p class=\"p1\"><b>Detalhes do Produto:<\/b><\/p>\n<ul class=\"ul1\">\n<li class=\"li1\">Dimens\u00f5es:\u00a017 \u00f8 x 17 A cm<\/li>\n<li class=\"li1\">Cor: Azul-Marinho<\/li>\n<\/ul>\n","protected":false},"excerpt":{"rendered":"<p>Cada pe\u00e7a \u00e9 irreplic\u00e1vel, tornando-a exclusiva. Detalhes do Produto: Dimens\u00f5es:\u00a017 \u00f8 x 17 A cm Cor: Azul-Marinho<\/p>\n","protected":false},"featured_media":558,"template":"","meta":[],"product_cat":[50,49],"product_tag":[],"class_list":["post-517","product","type-product","status-publish","has-post-thumbnail","hentry","product_cat-jarras","product_cat-cristalinos"],"_links":{"self":[{"href":"https:\/\/mysapottery.com\/pt-pt\/wp-json\/wp\/v2\/product\/517","targetHints":{"allow":["GET"]}}],"collection":[{"href":"https:\/\/mysapottery.com\/pt-pt\/wp-json\/wp\/v2\/product"}],"about":[{"href":"https:\/\/mysapottery.com\/pt-pt\/wp-json\/wp\/v2\/types\/product"}],"wp:featuredmedia":[{"embeddable":true,"href":"https:\/\/mysapottery.com\/pt-pt\/wp-json\/wp\/v2\/media\/558"}],"wp:attachment":[{"href":"https:\/\/mysapottery.com\/pt-pt\/wp-json\/wp\/v2\/media?parent=517"}],"wp:term":[{"taxonomy":"product_cat","embeddable":true,"href":"https:\/\/mysapottery.com\/pt-pt\/wp-json\/wp\/v2\/product_cat?post=517"},{"taxonomy":"product_tag","embeddable":true,"href":"https:\/\/mysapottery.com\/pt-pt\/wp-json\/wp\/v2\/product_tag?post=517"}],"curies":[{"name":"wp","href":"https:\/\/api.w.org\/{rel}","templated":true}]}}