{"id":583,"date":"2022-10-27T17:53:50","date_gmt":"2022-10-27T16:53:50","guid":{"rendered":"https:\/\/mysapottery.com\/product\/amarelo-tropical-e-verde\/"},"modified":"2023-04-18T20:56:13","modified_gmt":"2023-04-18T19:56:13","slug":"tropical-amarelo-e-verde","status":"publish","type":"product","link":"https:\/\/mysapottery.com\/pt-pt\/produto\/tropical-amarelo-e-verde\/","title":{"rendered":"Amarelo Tropical e Verde"},"content":{"rendered":"<p>Cada pe\u00e7a \u00e9 irreplic\u00e1vel, tornando-a exclusiva.<\/p>\n<p class=\"p1\"><b>Detalhes do Produto:<\/b><\/p>\n<ul class=\"ul1\">\n<li class=\"li1\">Dimens\u00f5es: 20 \u00f8 x 25 A cm<\/li>\n<li class=\"li1\">Cor: Verde e Amarelo<\/li>\n<\/ul>\n","protected":false},"excerpt":{"rendered":"<p>Cada pe\u00e7a \u00e9 irreplic\u00e1vel, tornando-a exclusiva. Detalhes do Produto: Dimens\u00f5es: 20 \u00f8 x 25 A cm Cor: Verde e Amarelo<\/p>\n","protected":false},"featured_media":573,"template":"","meta":[],"product_cat":[50],"product_tag":[],"class_list":["post-583","product","type-product","status-publish","has-post-thumbnail","hentry","product_cat-jarras"],"_links":{"self":[{"href":"https:\/\/mysapottery.com\/pt-pt\/wp-json\/wp\/v2\/product\/583","targetHints":{"allow":["GET"]}}],"collection":[{"href":"https:\/\/mysapottery.com\/pt-pt\/wp-json\/wp\/v2\/product"}],"about":[{"href":"https:\/\/mysapottery.com\/pt-pt\/wp-json\/wp\/v2\/types\/product"}],"wp:featuredmedia":[{"embeddable":true,"href":"https:\/\/mysapottery.com\/pt-pt\/wp-json\/wp\/v2\/media\/573"}],"wp:attachment":[{"href":"https:\/\/mysapottery.com\/pt-pt\/wp-json\/wp\/v2\/media?parent=583"}],"wp:term":[{"taxonomy":"product_cat","embeddable":true,"href":"https:\/\/mysapottery.com\/pt-pt\/wp-json\/wp\/v2\/product_cat?post=583"},{"taxonomy":"product_tag","embeddable":true,"href":"https:\/\/mysapottery.com\/pt-pt\/wp-json\/wp\/v2\/product_tag?post=583"}],"curies":[{"name":"wp","href":"https:\/\/api.w.org\/{rel}","templated":true}]}}