{"id":617,"date":"2022-10-27T18:25:26","date_gmt":"2022-10-27T17:25:26","guid":{"rendered":"https:\/\/mysapottery.com\/product\/vaso-pequeno-azul-gelado\/"},"modified":"2023-04-18T17:18:38","modified_gmt":"2023-04-18T16:18:38","slug":"iced-blue-pequeno-vaso","status":"publish","type":"product","link":"https:\/\/mysapottery.com\/pt-pt\/produto\/iced-blue-pequeno-vaso\/","title":{"rendered":"Jarra Pequena Azul Gelado"},"content":{"rendered":"<p>Cada pe\u00e7a \u00e9 irreplic\u00e1vel, tornando-a exclusiva.<\/p>\n<p class=\"p1\"><b>Detalhes do Produto:<\/b><\/p>\n<ul class=\"ul1\">\n<li class=\"li1\">Dimens\u00f5es: 11 \u00f8 x 17 A cm<\/li>\n<li class=\"li1\">Cor: Azul Gelo<\/li>\n<\/ul>\n","protected":false},"excerpt":{"rendered":"<p>Cada pe\u00e7a \u00e9 irreplic\u00e1vel, tornando-a exclusiva. Detalhes do Produto: Dimens\u00f5es: 11 \u00f8 x 17 A cm Cor: Azul Gelo<\/p>\n","protected":false},"featured_media":607,"template":"","meta":[],"product_cat":[50],"product_tag":[],"class_list":["post-617","product","type-product","status-publish","has-post-thumbnail","hentry","product_cat-jarras"],"_links":{"self":[{"href":"https:\/\/mysapottery.com\/pt-pt\/wp-json\/wp\/v2\/product\/617","targetHints":{"allow":["GET"]}}],"collection":[{"href":"https:\/\/mysapottery.com\/pt-pt\/wp-json\/wp\/v2\/product"}],"about":[{"href":"https:\/\/mysapottery.com\/pt-pt\/wp-json\/wp\/v2\/types\/product"}],"wp:featuredmedia":[{"embeddable":true,"href":"https:\/\/mysapottery.com\/pt-pt\/wp-json\/wp\/v2\/media\/607"}],"wp:attachment":[{"href":"https:\/\/mysapottery.com\/pt-pt\/wp-json\/wp\/v2\/media?parent=617"}],"wp:term":[{"taxonomy":"product_cat","embeddable":true,"href":"https:\/\/mysapottery.com\/pt-pt\/wp-json\/wp\/v2\/product_cat?post=617"},{"taxonomy":"product_tag","embeddable":true,"href":"https:\/\/mysapottery.com\/pt-pt\/wp-json\/wp\/v2\/product_tag?post=617"}],"curies":[{"name":"wp","href":"https:\/\/api.w.org\/{rel}","templated":true}]}}