{"id":660,"date":"2022-10-27T18:44:15","date_gmt":"2022-10-27T17:44:15","guid":{"rendered":"https:\/\/mysapottery.com\/product\/vaso-amarelo-e-azul\/"},"modified":"2023-04-18T16:49:51","modified_gmt":"2023-04-18T15:49:51","slug":"vaso-amarelo-e-azul","status":"publish","type":"product","link":"https:\/\/mysapottery.com\/pt-pt\/produto\/vaso-amarelo-e-azul\/","title":{"rendered":"Vaso Amarelo e Azul"},"content":{"rendered":"<p>Cada pe\u00e7a \u00e9 irreplic\u00e1vel, tornando-a exclusiva.<\/p>\n<p class=\"p1\"><b>Detalhes do Produto:<\/b><\/p>\n<ul class=\"ul1\">\n<li class=\"li1\">Dimens\u00f5es:\u00a012 \u00f8 x 17 A cm<\/li>\n<li class=\"li1\">Cor: Amarelo e Azul<\/li>\n<\/ul>\n","protected":false},"excerpt":{"rendered":"<p>Cada pe\u00e7a \u00e9 irreplic\u00e1vel, tornando-a exclusiva. Detalhes do Produto: Dimens\u00f5es:\u00a012 \u00f8 x 17 A cm Cor: Amarelo e Azul<\/p>\n","protected":false},"featured_media":649,"template":"","meta":[],"product_cat":[50],"product_tag":[],"class_list":["post-660","product","type-product","status-publish","has-post-thumbnail","hentry","product_cat-jarras"],"_links":{"self":[{"href":"https:\/\/mysapottery.com\/pt-pt\/wp-json\/wp\/v2\/product\/660","targetHints":{"allow":["GET"]}}],"collection":[{"href":"https:\/\/mysapottery.com\/pt-pt\/wp-json\/wp\/v2\/product"}],"about":[{"href":"https:\/\/mysapottery.com\/pt-pt\/wp-json\/wp\/v2\/types\/product"}],"wp:featuredmedia":[{"embeddable":true,"href":"https:\/\/mysapottery.com\/pt-pt\/wp-json\/wp\/v2\/media\/649"}],"wp:attachment":[{"href":"https:\/\/mysapottery.com\/pt-pt\/wp-json\/wp\/v2\/media?parent=660"}],"wp:term":[{"taxonomy":"product_cat","embeddable":true,"href":"https:\/\/mysapottery.com\/pt-pt\/wp-json\/wp\/v2\/product_cat?post=660"},{"taxonomy":"product_tag","embeddable":true,"href":"https:\/\/mysapottery.com\/pt-pt\/wp-json\/wp\/v2\/product_tag?post=660"}],"curies":[{"name":"wp","href":"https:\/\/api.w.org\/{rel}","templated":true}]}}