{"id":666,"date":"2022-10-27T19:01:14","date_gmt":"2022-10-27T18:01:14","guid":{"rendered":"https:\/\/mysapottery.com\/product\/vaso-amarelo-e-azul-2\/"},"modified":"2023-04-18T16:52:54","modified_gmt":"2023-04-18T15:52:54","slug":"amarelo-e-azul-vase-2","status":"publish","type":"product","link":"https:\/\/mysapottery.com\/pt-pt\/produto\/amarelo-e-azul-vase-2\/","title":{"rendered":"Jarra Amarela e Azul"},"content":{"rendered":"<p>Cada pe\u00e7a \u00e9 irreplic\u00e1vel, tornando-a exclusiva.<\/p>\n<p class=\"p1\"><b>Detalhes do Produto:<\/b><\/p>\n<ul class=\"ul1\">\n<li class=\"li1\">Dimens\u00f5es:\u00a018 \u00f8 x 18 A cm<\/li>\n<li class=\"li1\">Cor: Amarelo e Azul<\/li>\n<\/ul>\n","protected":false},"excerpt":{"rendered":"<p>Cada pe\u00e7a \u00e9 irreplic\u00e1vel, tornando-a exclusiva. Detalhes do Produto: Dimens\u00f5es:\u00a018 \u00f8 x 18 A cm Cor: Amarelo e Azul<\/p>\n","protected":false},"featured_media":653,"template":"","meta":[],"product_cat":[50],"product_tag":[],"class_list":["post-666","product","type-product","status-publish","has-post-thumbnail","hentry","product_cat-jarras"],"_links":{"self":[{"href":"https:\/\/mysapottery.com\/pt-pt\/wp-json\/wp\/v2\/product\/666","targetHints":{"allow":["GET"]}}],"collection":[{"href":"https:\/\/mysapottery.com\/pt-pt\/wp-json\/wp\/v2\/product"}],"about":[{"href":"https:\/\/mysapottery.com\/pt-pt\/wp-json\/wp\/v2\/types\/product"}],"wp:featuredmedia":[{"embeddable":true,"href":"https:\/\/mysapottery.com\/pt-pt\/wp-json\/wp\/v2\/media\/653"}],"wp:attachment":[{"href":"https:\/\/mysapottery.com\/pt-pt\/wp-json\/wp\/v2\/media?parent=666"}],"wp:term":[{"taxonomy":"product_cat","embeddable":true,"href":"https:\/\/mysapottery.com\/pt-pt\/wp-json\/wp\/v2\/product_cat?post=666"},{"taxonomy":"product_tag","embeddable":true,"href":"https:\/\/mysapottery.com\/pt-pt\/wp-json\/wp\/v2\/product_tag?post=666"}],"curies":[{"name":"wp","href":"https:\/\/api.w.org\/{rel}","templated":true}]}}