{"id":668,"date":"2022-10-27T19:02:58","date_gmt":"2022-10-27T18:02:58","guid":{"rendered":"https:\/\/mysapottery.com\/product\/garrafa-amarela-e-azul\/"},"modified":"2023-04-18T21:02:06","modified_gmt":"2023-04-18T20:02:06","slug":"garrafa-amarelo-azul","status":"publish","type":"product","link":"https:\/\/mysapottery.com\/pt-pt\/produto\/garrafa-amarelo-azul\/","title":{"rendered":"Garrafa amarela e azul"},"content":{"rendered":"<p>Cada pe\u00e7a \u00e9 irreplic\u00e1vel, tornando-a exclusiva.<\/p>\n<p class=\"p1\"><b>Detalhes do Produto:<\/b><\/p>\n<ul class=\"ul1\">\n<li class=\"li1\">Dimens\u00f5es:\u00a010 \u00f8 x 13 A cm<\/li>\n<li class=\"li1\">Cor: Azul e Amarelo<\/li>\n<\/ul>\n","protected":false},"excerpt":{"rendered":"<p>Cada pe\u00e7a \u00e9 irreplic\u00e1vel, tornando-a exclusiva. Detalhes do Produto: Dimens\u00f5es:\u00a010 \u00f8 x 13 A cm Cor: Azul e Amarelo<\/p>\n","protected":false},"featured_media":663,"template":"","meta":[],"product_cat":[50,49],"product_tag":[],"class_list":["post-668","product","type-product","status-publish","has-post-thumbnail","hentry","product_cat-jarras","product_cat-cristalinos"],"_links":{"self":[{"href":"https:\/\/mysapottery.com\/pt-pt\/wp-json\/wp\/v2\/product\/668","targetHints":{"allow":["GET"]}}],"collection":[{"href":"https:\/\/mysapottery.com\/pt-pt\/wp-json\/wp\/v2\/product"}],"about":[{"href":"https:\/\/mysapottery.com\/pt-pt\/wp-json\/wp\/v2\/types\/product"}],"wp:featuredmedia":[{"embeddable":true,"href":"https:\/\/mysapottery.com\/pt-pt\/wp-json\/wp\/v2\/media\/663"}],"wp:attachment":[{"href":"https:\/\/mysapottery.com\/pt-pt\/wp-json\/wp\/v2\/media?parent=668"}],"wp:term":[{"taxonomy":"product_cat","embeddable":true,"href":"https:\/\/mysapottery.com\/pt-pt\/wp-json\/wp\/v2\/product_cat?post=668"},{"taxonomy":"product_tag","embeddable":true,"href":"https:\/\/mysapottery.com\/pt-pt\/wp-json\/wp\/v2\/product_tag?post=668"}],"curies":[{"name":"wp","href":"https:\/\/api.w.org\/{rel}","templated":true}]}}