{"id":678,"date":"2022-10-27T19:06:19","date_gmt":"2022-10-27T18:06:19","guid":{"rendered":"https:\/\/mysapottery.com\/product\/vaso-vermelho-e-prata\/"},"modified":"2023-10-29T18:01:58","modified_gmt":"2023-10-29T18:01:58","slug":"vaso-vermelho-e-de-prata","status":"publish","type":"product","link":"https:\/\/mysapottery.com\/pt-pt\/produto\/vaso-vermelho-e-de-prata\/","title":{"rendered":"VERMELHO E PRATA"},"content":{"rendered":"<p>Cada pe\u00e7a \u00e9 irreplic\u00e1vel, tornando-a exclusiva.<\/p>\n<p class=\"p1\"><b>Detalhes do Produto:<\/b><\/p>\n<ul class=\"ul1\">\n<li class=\"li1\">Dimens\u00f5es:\u00a011 \u00f8 x 23 A cm<\/li>\n<li class=\"li1\">Cor: Vermelho<\/li>\n<\/ul>\n","protected":false},"excerpt":{"rendered":"<p>Cada pe\u00e7a \u00e9 irreplic\u00e1vel, tornando-a exclusiva. Detalhes do Produto: Dimens\u00f5es:\u00a011 \u00f8 x 23 A cm Cor: Vermelho<\/p>\n","protected":false},"featured_media":670,"template":"","meta":[],"product_cat":[50],"product_tag":[],"class_list":["post-678","product","type-product","status-publish","has-post-thumbnail","hentry","product_cat-jarras"],"_links":{"self":[{"href":"https:\/\/mysapottery.com\/pt-pt\/wp-json\/wp\/v2\/product\/678","targetHints":{"allow":["GET"]}}],"collection":[{"href":"https:\/\/mysapottery.com\/pt-pt\/wp-json\/wp\/v2\/product"}],"about":[{"href":"https:\/\/mysapottery.com\/pt-pt\/wp-json\/wp\/v2\/types\/product"}],"wp:featuredmedia":[{"embeddable":true,"href":"https:\/\/mysapottery.com\/pt-pt\/wp-json\/wp\/v2\/media\/670"}],"wp:attachment":[{"href":"https:\/\/mysapottery.com\/pt-pt\/wp-json\/wp\/v2\/media?parent=678"}],"wp:term":[{"taxonomy":"product_cat","embeddable":true,"href":"https:\/\/mysapottery.com\/pt-pt\/wp-json\/wp\/v2\/product_cat?post=678"},{"taxonomy":"product_tag","embeddable":true,"href":"https:\/\/mysapottery.com\/pt-pt\/wp-json\/wp\/v2\/product_tag?post=678"}],"curies":[{"name":"wp","href":"https:\/\/api.w.org\/{rel}","templated":true}]}}