{"id":733,"date":"2022-10-29T15:18:52","date_gmt":"2022-10-29T14:18:52","guid":{"rendered":"https:\/\/mysapottery.com\/product\/garrafa-cor-de-rosa\/"},"modified":"2023-10-29T17:59:58","modified_gmt":"2023-10-29T17:59:58","slug":"garrafa-2-rosa","status":"publish","type":"product","link":"https:\/\/mysapottery.com\/pt-pt\/produto\/garrafa-2-rosa\/","title":{"rendered":"Garrafa cor-de-rosa"},"content":{"rendered":"<p>Cada pe\u00e7a \u00e9 irreplic\u00e1vel, tornando-a exclusiva.<\/p>\n<p class=\"p1\"><b>Detalhes do Produto:<\/b><\/p>\n<ul class=\"ul1\">\n<li class=\"li1\">Dimens\u00f5es:\u00a017 \u00f8 x 28 A cm<\/li>\n<li class=\"li1\">Cor: Rosa<\/li>\n<\/ul>\n","protected":false},"excerpt":{"rendered":"<p>Cada pe\u00e7a \u00e9 irreplic\u00e1vel, tornando-a exclusiva. Detalhes do Produto: Dimens\u00f5es:\u00a017 \u00f8 x 28 A cm Cor: Rosa<\/p>\n","protected":false},"featured_media":724,"template":"","meta":[],"product_cat":[50,49],"product_tag":[],"class_list":["post-733","product","type-product","status-publish","has-post-thumbnail","hentry","product_cat-jarras","product_cat-cristalinos"],"_links":{"self":[{"href":"https:\/\/mysapottery.com\/pt-pt\/wp-json\/wp\/v2\/product\/733","targetHints":{"allow":["GET"]}}],"collection":[{"href":"https:\/\/mysapottery.com\/pt-pt\/wp-json\/wp\/v2\/product"}],"about":[{"href":"https:\/\/mysapottery.com\/pt-pt\/wp-json\/wp\/v2\/types\/product"}],"wp:featuredmedia":[{"embeddable":true,"href":"https:\/\/mysapottery.com\/pt-pt\/wp-json\/wp\/v2\/media\/724"}],"wp:attachment":[{"href":"https:\/\/mysapottery.com\/pt-pt\/wp-json\/wp\/v2\/media?parent=733"}],"wp:term":[{"taxonomy":"product_cat","embeddable":true,"href":"https:\/\/mysapottery.com\/pt-pt\/wp-json\/wp\/v2\/product_cat?post=733"},{"taxonomy":"product_tag","embeddable":true,"href":"https:\/\/mysapottery.com\/pt-pt\/wp-json\/wp\/v2\/product_tag?post=733"}],"curies":[{"name":"wp","href":"https:\/\/api.w.org\/{rel}","templated":true}]}}