{"id":735,"date":"2022-10-29T15:20:52","date_gmt":"2022-10-29T14:20:52","guid":{"rendered":"https:\/\/mysapottery.com\/product\/vaso-verde-e-ouro\/"},"modified":"2023-10-29T17:56:38","modified_gmt":"2023-10-29T17:56:38","slug":"vaso-verde-e-ouro","status":"publish","type":"product","link":"https:\/\/mysapottery.com\/pt-pt\/produto\/vaso-verde-e-ouro\/","title":{"rendered":"Menta &#038; Ouro"},"content":{"rendered":"<p>Cada pe\u00e7a \u00e9 irreplic\u00e1vel, tornando-a exclusiva.<\/p>\n<p class=\"p1\"><b>Detalhes do Produto:<\/b><\/p>\n<ul class=\"ul1\">\n<li class=\"li1\">Dimens\u00f5es:\u00a014 \u00f8 x 25 A cm<\/li>\n<li class=\"li1\">Cor: Verde e Dourado<\/li>\n<\/ul>\n","protected":false},"excerpt":{"rendered":"<p>Cada pe\u00e7a \u00e9 irreplic\u00e1vel, tornando-a exclusiva. Detalhes do Produto: Dimens\u00f5es:\u00a014 \u00f8 x 25 A cm Cor: Verde e Dourado<\/p>\n","protected":false},"featured_media":728,"template":"","meta":[],"product_cat":[50,49],"product_tag":[],"class_list":["post-735","product","type-product","status-publish","has-post-thumbnail","hentry","product_cat-jarras","product_cat-cristalinos"],"_links":{"self":[{"href":"https:\/\/mysapottery.com\/pt-pt\/wp-json\/wp\/v2\/product\/735","targetHints":{"allow":["GET"]}}],"collection":[{"href":"https:\/\/mysapottery.com\/pt-pt\/wp-json\/wp\/v2\/product"}],"about":[{"href":"https:\/\/mysapottery.com\/pt-pt\/wp-json\/wp\/v2\/types\/product"}],"wp:featuredmedia":[{"embeddable":true,"href":"https:\/\/mysapottery.com\/pt-pt\/wp-json\/wp\/v2\/media\/728"}],"wp:attachment":[{"href":"https:\/\/mysapottery.com\/pt-pt\/wp-json\/wp\/v2\/media?parent=735"}],"wp:term":[{"taxonomy":"product_cat","embeddable":true,"href":"https:\/\/mysapottery.com\/pt-pt\/wp-json\/wp\/v2\/product_cat?post=735"},{"taxonomy":"product_tag","embeddable":true,"href":"https:\/\/mysapottery.com\/pt-pt\/wp-json\/wp\/v2\/product_tag?post=735"}],"curies":[{"name":"wp","href":"https:\/\/api.w.org\/{rel}","templated":true}]}}