{"id":957,"date":"2023-10-29T17:10:45","date_gmt":"2023-10-29T17:10:45","guid":{"rendered":"https:\/\/mysapottery.com\/?post_type=product&#038;p=957"},"modified":"2023-10-29T17:12:23","modified_gmt":"2023-10-29T17:12:23","slug":"outono","status":"publish","type":"product","link":"https:\/\/mysapottery.com\/pt-pt\/produto\/outono\/","title":{"rendered":"Outono"},"content":{"rendered":"<p>Cada pe\u00e7a \u00e9 irreplic\u00e1vel, tornando-a exclusiva.<\/p>\n","protected":false},"excerpt":{"rendered":"<p>Cada pe\u00e7a \u00e9 irreplic\u00e1vel, tornando-a exclusiva.<\/p>\n","protected":false},"featured_media":964,"template":"","meta":[],"product_cat":[57,53,48,54],"product_tag":[],"class_list":["post-957","product","type-product","status-publish","has-post-thumbnail","hentry","product_cat-artigos-sazonais","product_cat-ceramica","product_cat-novidades-em-mysa","product_cat-potes-jarras"],"_links":{"self":[{"href":"https:\/\/mysapottery.com\/pt-pt\/wp-json\/wp\/v2\/product\/957","targetHints":{"allow":["GET"]}}],"collection":[{"href":"https:\/\/mysapottery.com\/pt-pt\/wp-json\/wp\/v2\/product"}],"about":[{"href":"https:\/\/mysapottery.com\/pt-pt\/wp-json\/wp\/v2\/types\/product"}],"wp:featuredmedia":[{"embeddable":true,"href":"https:\/\/mysapottery.com\/pt-pt\/wp-json\/wp\/v2\/media\/964"}],"wp:attachment":[{"href":"https:\/\/mysapottery.com\/pt-pt\/wp-json\/wp\/v2\/media?parent=957"}],"wp:term":[{"taxonomy":"product_cat","embeddable":true,"href":"https:\/\/mysapottery.com\/pt-pt\/wp-json\/wp\/v2\/product_cat?post=957"},{"taxonomy":"product_tag","embeddable":true,"href":"https:\/\/mysapottery.com\/pt-pt\/wp-json\/wp\/v2\/product_tag?post=957"}],"curies":[{"name":"wp","href":"https:\/\/api.w.org\/{rel}","templated":true}]}}